{"id":993,"date":"2021-05-03T11:20:34","date_gmt":"2021-05-03T09:20:34","guid":{"rendered":"https:\/\/abyss2bliss.com\/?page_id=993"},"modified":"2021-08-08T22:47:43","modified_gmt":"2021-08-08T20:47:43","slug":"imprint-impressum","status":"publish","type":"page","link":"https:\/\/abyss2bliss.com\/de\/imprint-impressum\/","title":{"rendered":"Imprint\/Impressum"},"content":{"rendered":"\n<h2 class=\"has-dark-gray-color has-text-color wp-block-heading\">Impressum<\/h2>\n\n\n\n<p class=\"has-dark-gray-color has-text-color\">Simone Cicic<br>Rosenheimerstra\u00dfe<br>81667 M\u00fcnchen<\/p>\n\n\n\n<p class=\"has-dark-gray-color has-text-color\">Telefon: 089\/95953844<br>E-Mail: <a href=\"mailto:in**@*********ss.com\" data-original-string=\"zpZG3lx4c1Z6MK9+K2t9rw==321bQq3RYVePdhGERusJuUd1yB701pY8dczLEjEAi\/Kzmk=\" title=\"Dieser Kontakt wurde von Anti-Spam by CleanTalk verschl\u00fcsselt. Klicken Sie hier, um ihn zu entschl\u00fcsseln. Um die Entschl\u00fcsselung abzuschlie\u00dfen, stellen Sie sicher, dass JavaScript in Ihrem Browser aktiviert ist.\"><span \n                data-original-string='4j5FAlcMVMz6wVAJRSIOdA==321kJ8It05\/dq132dax7VmGb8ueD9SPer6dlMH29gNXWZE='\n                class='apbct-email-encoder'\n                title='Dieser Kontakt wurde von Anti-Spam by CleanTalk verschl\u00fcsselt. Klicken Sie hier, um ihn zu entschl\u00fcsseln. Um die Entschl\u00fcsselung abzuschlie\u00dfen, stellen Sie sicher, dass JavaScript in Ihrem Browser aktiviert ist.'>in<span class=\"apbct-blur\">**<\/span>@<span class=\"apbct-blur\">*********<\/span>ss.com<\/span><\/a><br><\/p>\n\n\n\n<h2 class=\"has-dark-gray-color has-text-color wp-block-heading\">Disclaimer \u2013 rechtliche Hinweise<\/h2>\n\n\n\n<p class=\"has-dark-gray-color has-text-color\">\u00a7 1 Warnhinweis zu Inhalten<\/p>\n\n\n\n<p class=\"has-dark-gray-color has-text-color\">Die kostenlosen und frei zug\u00e4nglichen Inhalte dieser Webseite wurden mit gr\u00f6\u00dftm\u00f6glicher Sorgfalt erstellt. Der Anbieter dieser Webseite \u00fcbernimmt jedoch keine Gew\u00e4hr f\u00fcr die Richtigkeit und Aktualit\u00e4t der bereitgestellten kostenlosen und frei zug\u00e4nglichen journalistischen Ratgeber und Nachrichten. Namentlich gekennzeichnete Beitr\u00e4ge geben die Meinung des jeweiligen Autors und nicht immer die Meinung des Anbieters wieder. Allein durch den Aufruf der kostenlosen und frei zug\u00e4nglichen Inhalte kommt keinerlei Vertragsverh\u00e4ltnis zwischen dem Nutzer und dem Anbieter zustande, insoweit fehlt es am Rechtsbindungswillen des Anbieters.<\/p>\n\n\n\n<p class=\"has-dark-gray-color has-text-color\">\u00a7 2 Externe Links<\/p>\n\n\n\n<p class=\"has-dark-gray-color has-text-color\">Diese Website enth\u00e4lt Verkn\u00fcpfungen zu Websites Dritter (&#8222;externe Links&#8220;). Diese Websites unterliegen der Haftung der jeweiligen Betreiber. Der Anbieter hat bei der erstmaligen Verkn\u00fcpfung der externen Links die fremden Inhalte daraufhin \u00fcberpr\u00fcft, ob etwaige Rechtsverst\u00f6\u00dfe bestehen. Zu dem Zeitpunkt waren keine Rechtsverst\u00f6\u00dfe ersichtlich. Der Anbieter hat keinerlei Einfluss auf die aktuelle und zuk\u00fcnftige Gestaltung und auf die Inhalte der verkn\u00fcpften Seiten. Das Setzen von externen Links bedeutet nicht, dass sich der Anbieter die hinter dem Verweis oder Link liegenden Inhalte zu Eigen macht. Eine st\u00e4ndige Kontrolle der externen Links ist f\u00fcr den Anbieter ohne konkrete Hinweise auf Rechtsverst\u00f6\u00dfe nicht zumutbar. Bei Kenntnis von Rechtsverst\u00f6\u00dfen werden jedoch derartige externe Links unverz\u00fcglich gel\u00f6scht.<\/p>\n\n\n\n<p class=\"has-dark-gray-color has-text-color\">\u00a7 3 Urheber- und Leistungsschutzrechte<\/p>\n\n\n\n<p class=\"has-dark-gray-color has-text-color\">Die auf dieser Website ver\u00f6ffentlichten Inhalte unterliegen dem deutschen Urheber- und Leistungsschutzrecht. Jede vom deutschen Urheber- und Leistungsschutzrecht nicht zugelassene Verwertung bedarf der vorherigen schriftlichen Zustimmung des Anbieters oder jeweiligen Rechteinhabers. Dies gilt insbesondere f\u00fcr Vervielf\u00e4ltigung, Bearbeitung, \u00dcbersetzung, Einspeicherung, Verarbeitung bzw. Wiedergabe von Inhalten in Datenbanken oder anderen elektronischen Medien und Systemen. Inhalte und Rechte Dritter sind dabei als solche gekennzeichnet. Die unerlaubte Vervielf\u00e4ltigung oder Weitergabe einzelner Inhalte oder kompletter Seiten ist nicht gestattet und strafbar. Lediglich die Herstellung von Kopien und Downloads f\u00fcr den pers\u00f6nlichen, privaten und nicht kommerziellen Gebrauch ist erlaubt.<\/p>\n\n\n\n<p class=\"has-dark-gray-color has-text-color\">Die Darstellung dieser Website in fremden Frames ist nur mit schriftlicher Erlaubnis zul\u00e4ssig.<\/p>\n\n\n\n<p class=\"has-dark-gray-color has-text-color\">\u00a7 4 Besondere Nutzungsbedingungen<\/p>\n\n\n\n<p class=\"has-dark-gray-color has-text-color\">Soweit besondere Bedingungen f\u00fcr einzelne Nutzungen dieser Website von den vorgenannten Paragraphen abweichen, wird an entsprechender Stelle ausdr\u00fccklich darauf hingewiesen. In diesem Falle gelten im jeweiligen Einzelfall die besonderen Nutzungsbedingungen.<\/p>\n\n\n\n<h2 class=\"has-dark-gray-color has-text-color wp-block-heading\">Datenschutzerkl\u00e4rung:<\/h2>\n\n\n\n<p class=\"has-dark-gray-color has-text-color\">Wir informieren Sie nachfolgend gem\u00e4\u00df den gesetzlichen Vorgaben des Datenschutzrechts (insb. gem\u00e4\u00df BDSG n.F. und der europ\u00e4ischen Datenschutz-Grundverordnung \u201aDS-GVO\u2018) \u00fcber die Art, den Umfang und Zweck der Verarbeitung personenbezogener Daten durch unser Unternehmen. Diese Datenschutzerkl\u00e4rung gilt auch f\u00fcr unsere Websites und Sozial-Media-Profile. Bez\u00fcglich der Definition von Begriffen wie etwa \u201epersonenbezogene Daten\u201c oder \u201eVerarbeitung\u201c verweisen wir auf Art. 4 DS-GVO.<\/p>\n\n\n\n<p class=\"has-dark-gray-color has-text-color\"><strong>Name und Kontaktdaten des \/ der Verantwortlichen<\/strong><br><br>Unser\/e Verantwortliche\/r (nachfolgend \u201eVerantwortlicher\u201c) i.S.d. Art. 4 Zif. 7<br>DS-GVO ist:<br><br><br>Simone Cicic<br>Rosenheimerstra\u00dfe<br>81667 M\u00fcnchen<br>E-Mail-Adresse:<br><span \n                data-original-string='4qClgMhrxp5qgix1E\/m33w==3213IwBaTaZe4CGPISrAeCVHDo0lRr2nEjKmooDiDyUOes='\n                class='apbct-email-encoder'\n                title='Dieser Kontakt wurde von Anti-Spam by CleanTalk verschl\u00fcsselt. Klicken Sie hier, um ihn zu entschl\u00fcsseln. Um die Entschl\u00fcsselung abzuschlie\u00dfen, stellen Sie sicher, dass JavaScript in Ihrem Browser aktiviert ist.'>in<span class=\"apbct-blur\">**<\/span>@<span class=\"apbct-blur\">*********<\/span>ss.com<\/span><br><br><br><strong>Datenarten, Zwecke der Verarbeitung und Kategorien betroffener Personen<\/strong><\/p>\n\n\n\n<p class=\"has-dark-gray-color has-text-color\">Nachfolgend informieren wir Sie \u00fcber Art, Umfang und Zweck der Erhebung, Verarbeitung und Nutzung personenbezogener Daten.<\/p>\n\n\n\n<p class=\"has-dark-gray-color has-text-color\"><strong>1. Arten der Daten, die wir verarbeiten<\/strong><br><br>Kontaktdaten (Telefonnummer, E-Mail, Fax etc.),<br><br><strong>2. Zwecke der Verarbeitung nach Art. 13 Abs. 1 c) DS-GVO<\/strong><br><br>Vermeidung von SPAM und Missbrauch, Kontaktanfragen abwickeln,<br><br><strong>3. Kategorien der betroffenen Personen nach Art. 13 Abs. 1 e) DS-GVO<\/strong><br><br>Besucher\/Nutzer der Website<br><br><strong>Rechtsgrundlagen der Verarbeitung personenbezogener Daten<\/strong><\/p>\n\n\n\n<p class=\"has-dark-gray-color has-text-color\">Nachfolgend Informieren wir Sie \u00fcber die Rechtsgrundlagen der Verarbeitung personenbezogener Daten:<\/p>\n\n\n\n<ol class=\"has-dark-gray-color has-text-color wp-block-list\"><li>Wenn wir Ihre Einwilligung f\u00fcr die Verarbeitung personenbezogenen Daten eingeholt haben, ist Art. 6 Abs. 1 S. 1 lit. a) DS-GVO Rechtsgrundlage.<\/li><li>Ist die Verarbeitung zur Erf\u00fcllung eines Vertrags oder zur Durchf\u00fchrung vorvertraglicher Ma\u00dfnahmen erforderlich, die auf Ihre Anfrage hin erfolgen, so ist Art. 6 Abs. 1 S. 1 lit. b) DS-GVO Rechtsgrundlage.<\/li><li>Ist die Verarbeitung zur Erf\u00fcllung einer rechtlichen Verpflichtung erforderlich, der wir unterliegen (z.B. gesetzliche Aufbewahrungspflichten), so ist Art. 6 Abs. 1 S. 1 lit. c) DS-GVO Rechtsgrundlage.<\/li><li>Ist die Verarbeitung erforderlich, um lebenswichtige Interessen der betroffenen Person oder einer anderen nat\u00fcrlichen Person zu sch\u00fctzen, so ist Art. 6 Abs. 1 S. 1 lit. d) DS-GVO Rechtsgrundlage.<\/li><li>Ist die Verarbeitung zur Wahrung unserer oder der berechtigten Interessen eines Dritten erforderlich und \u00fcberwiegen diesbez\u00fcglich Ihre Interessen oder Grundrechte und Grundfreiheiten nicht, so ist Art. 6 Abs. 1 S. 1 lit. f) DS-GVO Rechtsgrundlage.<\/li><\/ol>\n\n\n\n<p class=\"has-dark-gray-color has-text-color\"><strong>Weitergabe personenbezogener Daten an Dritte und Auftragsverarbeiter<\/strong><\/p>\n\n\n\n<p class=\"has-dark-gray-color has-text-color\">Ohne Ihre Einwilligung geben wir grunds\u00e4tzlich keine Daten an Dritte weiter.<br>Sollte dies doch der Fall sein, dann erfolgt die Weitergabe auf der Grundlage der zuvor genannten Rechtsgrundlagen z.B. bei der Weitergabe von Daten an Online-Paymentanbieter zur Vertragserf\u00fcllung oder aufgrund gerichtlicher<br>Anordnung oder wegen einer gesetzlichen Verpflichtung zur Herausgabe der Daten.<\/p>\n\n\n\n<p class=\"has-dark-gray-color has-text-color\">Quelle: <a href=\"https:\/\/www.juraforum.de\">Infolink klicken<\/a><\/p>\n","protected":false},"excerpt":{"rendered":"<p>Impressum Simone CicicRosenheimerstra\u00dfe81667 M\u00fcnchen Telefon: 089\/95953844E-Mail: in**@*********ss.com Disclaimer \u2013 rechtliche Hinweise \u00a7 1 Warnhinweis zu Inhalten Die kostenlosen und frei zug\u00e4nglichen Inhalte dieser Webseite wurden mit gr\u00f6\u00dftm\u00f6glicher Sorgfalt erstellt. Der Anbieter dieser Webseite \u00fcbernimmt jedoch keine Gew\u00e4hr f\u00fcr die Richtigkeit und Aktualit\u00e4t der bereitgestellten kostenlosen und frei zug\u00e4nglichen journalistischen Ratgeber und Nachrichten. Namentlich gekennzeichnete Beitr\u00e4ge&hellip; <a class=\"more-link\" href=\"https:\/\/abyss2bliss.com\/de\/imprint-impressum\/\"><span class=\"screen-reader-text\">Imprint\/Impressum<\/span> weiterlesen<\/a><\/p>\n","protected":false},"author":15,"featured_media":0,"parent":0,"menu_order":0,"comment_status":"closed","ping_status":"closed","template":"","meta":{"footnotes":""},"class_list":["post-993","page","type-page","status-publish","hentry","entry"],"translation":{"provider":"WPGlobus","version":"3.0.0","language":"de","enabled_languages":["en","de"],"languages":{"en":{"title":true,"content":true,"excerpt":false},"de":{"title":false,"content":false,"excerpt":false}}},"_links":{"self":[{"href":"https:\/\/abyss2bliss.com\/de\/wp-json\/wp\/v2\/pages\/993","targetHints":{"allow":["GET"]}}],"collection":[{"href":"https:\/\/abyss2bliss.com\/de\/wp-json\/wp\/v2\/pages"}],"about":[{"href":"https:\/\/abyss2bliss.com\/de\/wp-json\/wp\/v2\/types\/page"}],"author":[{"embeddable":true,"href":"https:\/\/abyss2bliss.com\/de\/wp-json\/wp\/v2\/users\/15"}],"replies":[{"embeddable":true,"href":"https:\/\/abyss2bliss.com\/de\/wp-json\/wp\/v2\/comments?post=993"}],"version-history":[{"count":5,"href":"https:\/\/abyss2bliss.com\/de\/wp-json\/wp\/v2\/pages\/993\/revisions"}],"predecessor-version":[{"id":1825,"href":"https:\/\/abyss2bliss.com\/de\/wp-json\/wp\/v2\/pages\/993\/revisions\/1825"}],"wp:attachment":[{"href":"https:\/\/abyss2bliss.com\/de\/wp-json\/wp\/v2\/media?parent=993"}],"curies":[{"name":"wp","href":"https:\/\/api.w.org\/{rel}","templated":true}]}}