{"id":451,"date":"2021-03-05T22:11:03","date_gmt":"2021-03-05T21:11:03","guid":{"rendered":"https:\/\/abyss2bliss.com\/?page_id=451"},"modified":"2023-01-12T18:25:32","modified_gmt":"2023-01-12T17:25:32","slug":"present","status":"publish","type":"page","link":"https:\/\/abyss2bliss.com\/de\/present\/","title":{"rendered":"Pr\u00e4sent"},"content":{"rendered":"\n<p class=\"has-dark-gray-color has-text-color\">Ich verkaufe nichts, ich teile nur. \ud83d\ude42<\/p>\n\n\n\n<p class=\"has-dark-gray-color has-text-color\">Wenn Dir meine Arbeit gef\u00e4llt, freue ich mich \u00fcber Deine Unterst\u00fctzung via <a rel=\"noreferrer noopener\" href=\"http:\/\/paypal.me\/abyss2bliss\" target=\"_blank\">Paypal<\/a> oder <a rel=\"noreferrer noopener\" href=\"https:\/\/www.buymeacoffee.com\/abyss2bliss\" target=\"_blank\">Buymeacoffee<\/a>. <\/p>\n\n\n\n<p><\/p>\n","protected":false},"excerpt":{"rendered":"<p>Ich verkaufe nichts, ich teile nur. \ud83d\ude42 Wenn Dir meine Arbeit gef\u00e4llt, freue ich mich \u00fcber Deine Unterst\u00fctzung via Paypal oder Buymeacoffee.<\/p>\n","protected":false},"author":15,"featured_media":1025,"parent":0,"menu_order":0,"comment_status":"closed","ping_status":"closed","template":"","meta":{"footnotes":""},"class_list":["post-451","page","type-page","status-publish","has-post-thumbnail","hentry","entry"],"translation":{"provider":"WPGlobus","version":"3.0.0","language":"de","enabled_languages":["en","de"],"languages":{"en":{"title":true,"content":true,"excerpt":false},"de":{"title":true,"content":true,"excerpt":false}}},"_links":{"self":[{"href":"https:\/\/abyss2bliss.com\/de\/wp-json\/wp\/v2\/pages\/451","targetHints":{"allow":["GET"]}}],"collection":[{"href":"https:\/\/abyss2bliss.com\/de\/wp-json\/wp\/v2\/pages"}],"about":[{"href":"https:\/\/abyss2bliss.com\/de\/wp-json\/wp\/v2\/types\/page"}],"author":[{"embeddable":true,"href":"https:\/\/abyss2bliss.com\/de\/wp-json\/wp\/v2\/users\/15"}],"replies":[{"embeddable":true,"href":"https:\/\/abyss2bliss.com\/de\/wp-json\/wp\/v2\/comments?post=451"}],"version-history":[{"count":5,"href":"https:\/\/abyss2bliss.com\/de\/wp-json\/wp\/v2\/pages\/451\/revisions"}],"predecessor-version":[{"id":2355,"href":"https:\/\/abyss2bliss.com\/de\/wp-json\/wp\/v2\/pages\/451\/revisions\/2355"}],"wp:featuredmedia":[{"embeddable":true,"href":"https:\/\/abyss2bliss.com\/de\/wp-json\/wp\/v2\/media\/1025"}],"wp:attachment":[{"href":"https:\/\/abyss2bliss.com\/de\/wp-json\/wp\/v2\/media?parent=451"}],"curies":[{"name":"wp","href":"https:\/\/api.w.org\/{rel}","templated":true}]}}