{"id":2582,"date":"2023-01-27T21:50:04","date_gmt":"2023-01-27T20:50:04","guid":{"rendered":"https:\/\/abyss2bliss.com\/?page_id=2582"},"modified":"2023-01-28T11:01:05","modified_gmt":"2023-01-28T10:01:05","slug":"inception","status":"publish","type":"page","link":"https:\/\/abyss2bliss.com\/de\/inception\/","title":{"rendered":"Ohne Anfang und Ende"},"content":{"rendered":"\n<div class=\"wp-block-media-text alignwide has-media-on-the-right is-stacked-on-mobile is-image-fill\" style=\"grid-template-columns:auto 33%\"><div class=\"wp-block-media-text__content\">\n<p class=\"has-drop-cap has-dark-gray-color has-text-color\">Das Leben lud mich ein, vielen seiner Formen und Erscheinungen zu begegnen und in sie einzutauchen und lie\u00df mich viele seiner Mysterien erleben, zwischen Abgrund und Gl\u00fcckseligkeit: Trauma, Sucht und Rausch, &#8222;unheilbare&#8220; Krankheit und Behinderung, Mutterliebe, \u00fcberirdische Freude, Gl\u00fcckseligkeit und Allverbundenheit, Immanenz und Transzendenz, Staunen und Erleuchtungszust\u00e4nde.<\/p>\n\n\n\n<p class=\"has-dark-gray-color has-text-color\">Erfahrung, Beobachtung und Interpretation wurde zu einer Grundlage scheinbaren Wissens und Verstehens, von Mustern und Zyklen und Zusammenh\u00e4ngen, mit so tiefgreifenden Einsichten, die mich mit einem augenscheinlich tiefen Verst\u00e4ndnis von &#8222;das ist es&#8220; zur\u00fccklie\u00dfen.<\/p>\n\n\n\n<p class=\"has-dark-gray-color has-text-color\">Ich konnte sehen, wie alles miteinander verbunden zu sein schien, in v\u00f6lliger Komplexit\u00e4t und vollkommener Einfachheit. Und je tiefer das Verstehen wurde, desto gr\u00f6\u00dfer wurde der Schatten des Unbekannten. Je mehr ich das Mysterium zu verstehen schien, desto mehr wurde mir klar, dass die Person, f\u00fcr die ich mich hielt und die scheinbar verstand, eher eine Fiktion ist, die aus der Erinnerung und der Konditionierung durch Erfahrung entstanden ist. Diese ist tief verwoben und Teil des Mysteriums, das aus keinem Anfang entstanden ist und niemals ein Ende, eine L\u00f6sung, eine Aufl\u00f6sung, eine Offenbarung finden wird. Es kann sich niemals selbst begreifen oder erhellen.<\/p>\n\n\n\n<p class=\"has-dark-gray-color has-text-color\">Als sich das Verstehen wieder in das Unbekannte verwandelte &#8211; erhaben, umarmend und vertraut -, verstummten die Fragen und die Antworten verloren ihre Bedeutung. Nichts kann wirklich gesagt werden, aber es k\u00f6nnen Geschichten erz\u00e4hlt und geschrieben, Bilder geschaffen, Lieder gesungen und Musik komponiert werden.<\/p>\n\n\n\n<p class=\"has-dark-gray-color has-text-color\">Dieser Raum hier ist wie ein kleines <a href=\"https:\/\/abyss2bliss.com\/de\/wordart\/\" data-type=\"page\" data-id=\"188\">Boudoir<\/a>, eine Einladung, durch das Unbekannte zu streifen, durch das, was nicht zu fassen ist, durch die verg\u00e4nglichen Ersch\u00fctterungen und Segnungen des Lebens, ein sternenklarer Nachthimmel, Sterne, die f\u00fcr kurze Momente durch die Leere funkeln.<\/p>\n<\/div><figure class=\"wp-block-media-text__media\" style=\"background-image:url(https:\/\/abyss2bliss.com\/wp-content\/uploads\/2023\/01\/inception.jpg);background-position:20% 24%\"><img decoding=\"async\" width=\"958\" height=\"960\" src=\"https:\/\/abyss2bliss.com\/wp-content\/uploads\/2023\/01\/inception.jpg\" alt=\"\" class=\"wp-image-2600 size-full\" srcset=\"https:\/\/abyss2bliss.com\/wp-content\/uploads\/2023\/01\/inception.jpg 958w, https:\/\/abyss2bliss.com\/wp-content\/uploads\/2023\/01\/inception-300x300.jpg 300w, https:\/\/abyss2bliss.com\/wp-content\/uploads\/2023\/01\/inception-150x150.jpg 150w, https:\/\/abyss2bliss.com\/wp-content\/uploads\/2023\/01\/inception-768x770.jpg 768w\" sizes=\"(max-width: 958px) 100vw, 958px\" \/><\/figure><\/div>\n","protected":false},"excerpt":{"rendered":"<p>Das Leben lud mich ein, vielen seiner Formen und Erscheinungen zu begegnen und in sie einzutauchen und lie\u00df mich viele seiner Mysterien erleben, zwischen Abgrund und Gl\u00fcckseligkeit: Trauma, Sucht und Rausch, &#8222;unheilbare&#8220; Krankheit und Behinderung, Mutterliebe, \u00fcberirdische Freude, Gl\u00fcckseligkeit und Allverbundenheit, Immanenz und Transzendenz, Staunen und Erleuchtungszust\u00e4nde. Erfahrung, Beobachtung und Interpretation wurde zu einer Grundlage&hellip; <a class=\"more-link\" href=\"https:\/\/abyss2bliss.com\/de\/inception\/\"><span class=\"screen-reader-text\">Ohne Anfang und Ende<\/span> weiterlesen<\/a><\/p>\n","protected":false},"author":15,"featured_media":1025,"parent":0,"menu_order":0,"comment_status":"closed","ping_status":"closed","template":"","meta":{"footnotes":""},"class_list":["post-2582","page","type-page","status-publish","has-post-thumbnail","hentry","entry"],"translation":{"provider":"WPGlobus","version":"3.0.0","language":"de","enabled_languages":["en","de"],"languages":{"en":{"title":true,"content":true,"excerpt":false},"de":{"title":true,"content":true,"excerpt":false}}},"_links":{"self":[{"href":"https:\/\/abyss2bliss.com\/de\/wp-json\/wp\/v2\/pages\/2582","targetHints":{"allow":["GET"]}}],"collection":[{"href":"https:\/\/abyss2bliss.com\/de\/wp-json\/wp\/v2\/pages"}],"about":[{"href":"https:\/\/abyss2bliss.com\/de\/wp-json\/wp\/v2\/types\/page"}],"author":[{"embeddable":true,"href":"https:\/\/abyss2bliss.com\/de\/wp-json\/wp\/v2\/users\/15"}],"replies":[{"embeddable":true,"href":"https:\/\/abyss2bliss.com\/de\/wp-json\/wp\/v2\/comments?post=2582"}],"version-history":[{"count":5,"href":"https:\/\/abyss2bliss.com\/de\/wp-json\/wp\/v2\/pages\/2582\/revisions"}],"predecessor-version":[{"id":2620,"href":"https:\/\/abyss2bliss.com\/de\/wp-json\/wp\/v2\/pages\/2582\/revisions\/2620"}],"wp:featuredmedia":[{"embeddable":true,"href":"https:\/\/abyss2bliss.com\/de\/wp-json\/wp\/v2\/media\/1025"}],"wp:attachment":[{"href":"https:\/\/abyss2bliss.com\/de\/wp-json\/wp\/v2\/media?parent=2582"}],"curies":[{"name":"wp","href":"https:\/\/api.w.org\/{rel}","templated":true}]}}